{"id":14,"date":"2021-01-12T23:51:32","date_gmt":"2021-01-12T22:51:32","guid":{"rendered":"https:\/\/www.svoboda-projevu.cz\/?page_id=14"},"modified":"2021-01-15T11:44:06","modified_gmt":"2021-01-15T10:44:06","slug":"jak-na-blogy","status":"publish","type":"page","link":"https:\/\/www.svoboda-projevu.cz\/?page_id=14","title":{"rendered":"Jak na blogy"},"content":{"rendered":"<p>Pravidlo, jak napsat \u00fasp\u011b\u0161n\u00fd blog nen\u00ed. Smyslem tohoto port\u00e1lu ale nen\u00ed ps\u00e1t \u010dl\u00e1nky, kter\u00e9 budou sout\u011b\u017eit s klasickou literaturou, n\u00fdbr\u017e a jen umo\u017enit celospole\u010denskou diskuzi, kter\u00e1 je nutn\u00e1 pro dal\u0161\u00ed sm\u011brov\u00e1n\u00ed na\u0161\u00ed zem\u011b.<\/p><p>Ka\u017ed\u00fd nech m\u00e1 na pam\u011bti, \u017ee i ta nejdel\u0161\u00ed cesta za\u010d\u00edn\u00e1 mal\u00fdm vykro\u010den\u00edm.<\/p><p><strong>Nejd\u016fle\u017eit\u011bj\u0161\u00ed je tedy za\u010d\u00edt a uv\u011bdomit si, \u017ee \u017e\u00e1dn\u00e9 bohatstv\u00ed sv\u011bta nep\u0159eplat\u00ed p\u016fsoben\u00ed jednou zve\u0159ejn\u011bn\u00e9 my\u0161lenky &#8230; <\/strong><\/p><p><strong>Registrace<\/strong> &#8211; pro psan\u00ed blog\u016f a koment\u00e1\u0159\u016f je nutno se <a href=\"https:\/\/www.svoboda-projevu.cz\/wp-login.php?action=register\">zaregistrovat<\/a>. Kdo chce ps\u00e1t nebo diskutovat anonymn\u011b, nech\u0165 vyu\u017eije jinou platformu. Po prvn\u00edm p\u0159ihl\u00e1\u0161en\u00ed je pak vhodn\u00e9 si v profilu doplnit Jm\u00e9no a p\u0159\u00edjmen\u00ed a nastavit zobrazovan\u00e9 jm\u00e9no.<\/p><p><strong>Prvn\u00ed blog<\/strong> &#8211; po p\u0159ihl\u00e1\u0161en\u00ed je mo\u017eno napsat prvn\u00ed blog, kter\u00fd podl\u00e9h\u00e1 sch\u00e1len\u00ed. Dal\u0161\u00ed blogy pak ji\u017e autor m\u016f\u017ee publikovat okam\u017eit\u011b.<\/p><p><strong>Form\u00e1tov\u00e1n\u00ed<\/strong> &#8211; k dispozici jsou oba editory, jako v\u00fdchoz\u00ed je nastaven &#8220;klasick\u00fd&#8221; editor, do blokov\u00e9ho (Gutenberg) lze p\u0159epnout. Pro odd\u011blen\u00ed \u00favodu \u010dl\u00e1nku (perex) a vlastn\u00edho obsahu je vhodn\u00e9 pou\u017e\u00edt znak pro pokra\u010dov\u00e1n\u00ed textu &#8211; v klasick\u00e9m editoru kl\u00e1vesov\u00e1 zkratka Shift+ Alt+T.<\/p><p><strong>Kategorie<\/strong> &#8211; ka\u017ed\u00fd \u010dl\u00e1nek mus\u00ed b\u00fdt za\u0159azen v kategorii, p\u0159i\u010dem\u017e v\u00fdchoz\u00ed kategorie je &#8220;<em>\u010cesko<\/em>&#8220;, tedy t\u00fdkaj\u00edc\u00ed se na\u0161eho \u010desk\u00e9ho t\u00e9matu. Pokud se p\u0159\u00edsp\u011bvek t\u00fdk\u00e1 jin\u00e9ho okruhu je vhodn\u00e9 zvolit p\u0159\u00edslu\u0161nou kategorii.<\/p><p><strong>Obr\u00e1zky &#8211; <\/strong>spr\u00e1vn\u00e9 zobrazen\u00ed na titulce je podm\u00edn\u011bno pou\u017eit\u00edm tzv. n\u00e1hledov\u00e9ho obr\u00e1zku. Syst\u00e9m je nastaven tak, \u017ee bez n\u011bj nelze p\u0159\u00edsp\u011bvek publikovat a sou\u010dasn\u011b mus\u00ed m\u00edt min. velikost <strong>400 x 300<\/strong> pixel\u016f. Maxim\u00e1ln\u00ed rozm\u011br by nem\u011bl b\u00fdt v\u011bt\u0161\u00ed ne\u017e<strong> 800&#215;600<\/strong> pixel\u016f (v\u011bt\u0161\u00ed obr\u00e1zek se v syst\u00e9mu nevyu\u017eije). Autor m\u00e1 v syst\u00e9mu k dispozici pouze obr\u00e1zky, kter\u00e9 s\u00e1m nahr\u00e1l &#8211; je tedy zodpov\u011bdn\u00fd za dodr\u017een\u00ed autorsk\u00fdch pr\u00e1v v t\u00e9to v\u011bci. Je mo\u017eno si taky vytvo\u0159it jeden obr\u00e1zek, kter\u00fd bude charakterizovat autora nebo jeho \u010dl\u00e1nky a ten pou\u017e\u00edvat opakovan\u011b. <strong><em>Doporu\u010den\u00ed<\/em><\/strong> &#8211; na internetu je k dispozici mnoho obr\u00e1zk\u016f s licenc\u00ed k voln\u00e9mu pou\u017eit\u00ed, mo\u017en\u00e1 nejv\u011bt\u0161\u00ed datab\u00e1ze pak je na <a rel=\"noreferrer noopener\" href=\"https:\/\/pixabay.com\" target=\"_blank\">pixabay.com<\/a>.<\/p><p><strong>Pr\u00e1vn\u00ed odpov\u011bdnost<\/strong> &#8211; za zve\u0159ej\u0148ovan\u00fd text zodpov\u00edd\u00e1 autor, provozovatel webu pak pouze umo\u017e\u0148uje zve\u0159ej\u0148ov\u00e1n\u00ed n\u00e1zor\u016f, kter\u00e9 nepodl\u00e9haj\u00ed z\u00e1konn\u00e9 restrikci (nap\u0159. nelze vyz\u00fdvat k vra\u017ed\u011b apod.).<\/p>","protected":false},"excerpt":{"rendered":"<p>Pravidlo, jak napsat \u00fasp\u011b\u0161n\u00fd blog nen\u00ed. Smyslem tohoto port\u00e1lu ale nen\u00ed ps\u00e1t \u010dl\u00e1nky, kter\u00e9 budou sout\u011b\u017eit s klasickou literaturou, n\u00fdbr\u017e<\/p>\n","protected":false},"author":1,"featured_media":0,"parent":0,"menu_order":0,"comment_status":"closed","ping_status":"closed","template":"","meta":{"_bbp_topic_count":0,"_bbp_reply_count":0,"_bbp_total_topic_count":0,"_bbp_total_reply_count":0,"_bbp_voice_count":0,"_bbp_anonymous_reply_count":0,"_bbp_topic_count_hidden":0,"_bbp_reply_count_hidden":0,"_bbp_forum_subforum_count":0,"cybocfi_hide_featured_image":"","_mc_calendar":[],"footnotes":"","_links_to":"","_links_to_target":""},"class_list":["post-14","page","type-page","status-publish","hentry"],"_links":{"self":[{"href":"https:\/\/www.svoboda-projevu.cz\/index.php?rest_route=\/wp\/v2\/pages\/14","targetHints":{"allow":["GET"]}}],"collection":[{"href":"https:\/\/www.svoboda-projevu.cz\/index.php?rest_route=\/wp\/v2\/pages"}],"about":[{"href":"https:\/\/www.svoboda-projevu.cz\/index.php?rest_route=\/wp\/v2\/types\/page"}],"author":[{"embeddable":true,"href":"https:\/\/www.svoboda-projevu.cz\/index.php?rest_route=\/wp\/v2\/users\/1"}],"replies":[{"embeddable":true,"href":"https:\/\/www.svoboda-projevu.cz\/index.php?rest_route=%2Fwp%2Fv2%2Fcomments&post=14"}],"version-history":[{"count":6,"href":"https:\/\/www.svoboda-projevu.cz\/index.php?rest_route=\/wp\/v2\/pages\/14\/revisions"}],"predecessor-version":[{"id":182,"href":"https:\/\/www.svoboda-projevu.cz\/index.php?rest_route=\/wp\/v2\/pages\/14\/revisions\/182"}],"wp:attachment":[{"href":"https:\/\/www.svoboda-projevu.cz\/index.php?rest_route=%2Fwp%2Fv2%2Fmedia&parent=14"}],"curies":[{"name":"wp","href":"https:\/\/api.w.org\/{rel}","templated":true}]}}