{"id":16,"date":"2021-01-12T23:51:59","date_gmt":"2021-01-12T22:51:59","guid":{"rendered":"https:\/\/www.svoboda-projevu.cz\/?page_id=16"},"modified":"2021-01-19T13:21:03","modified_gmt":"2021-01-19T12:21:03","slug":"pravidla","status":"publish","type":"page","link":"https:\/\/www.svoboda-projevu.cz\/?page_id=16","title":{"rendered":"Pravidla"},"content":{"rendered":"<p>Tento web vznikl jako odpov\u011b\u010f na fakt, \u017ee na kdysi velmi popul\u00e1rn\u00ed blogovac\u00ed platform\u011b <em>blog.idnes.cz<\/em> ji\u017e nelze prezentovat jak\u00fdkoliv sv\u016fj n\u00e1zor. Doby, kdy jedinou podm\u00ednkou bylo pou\u017eit\u00ed spisovn\u00e9 \u010de\u0161tiny jsou d\u00e1vno pry\u010d, dnes jsou na t\u00e9to platform\u011b blogy neodpov\u00eddaj\u00edc\u00ed po\u017eadovan\u00e9mu n\u00e1zoru stahov\u00e1ny.<\/p><p>C\u00edlem tohoto port\u00e1lu je op\u011bt umo\u017enit v\u011bcnou celospole\u010denskou diskuzi bez omezen\u00ed. Demokracie je zalo\u017eena na dosahov\u00e1n\u00ed konsensu, kter\u00fd vznik\u00e1 celospole\u010denskou ve\u0159ejnou diskuz\u00ed. Proto zde m\u016f\u017ee ka\u017ed\u00fd spisovnou \u010de\u0161tinou vyj\u00e1d\u0159it jak\u00fdkoliv sv\u016fj n\u00e1zor, kter\u00fd nepodl\u00e9h\u00e1 z\u00e1konn\u00e9 restrikci. Tohle plat\u00ed jak pro psan\u00ed blog\u016f, tak pro diskuzi. P\u0159esn\u00e1 hranice pro spisovnou a nespisovnou \u010de\u0161tinu je problematick\u00e1, jsou situace, kdy pr\u00e1v\u011b pou\u017eit\u00ed nespisovn\u00e9ho v\u00fdrazu m\u016f\u017ee d\u00e1t smysl \u010dl\u00e1nku nebo pozn\u00e1mce v diskuzi. Obecn\u011b tedy plat\u00ed, \u017ee p\u0159\u00edpadn\u00e9 posuzov\u00e1n\u00ed bude v kontextu vyjad\u0159ovan\u00e9 my\u0161lenky.<\/p><p><strong>Registrace<\/strong> &#8211; pro psan\u00ed blog\u016f a koment\u00e1\u0159\u016f je nutno se <a href=\"https:\/\/www.svoboda-projevu.cz\/wp-login.php?action=register\">zaregistrovat<\/a>. Kdo chce ps\u00e1t nebo diskutovat anonymn\u011b, nech\u0165 vyu\u017eije jinou platformu. Po prvn\u00edm p\u0159ihl\u00e1\u0161en\u00ed je pak vhodn\u00e9 si v profilu doplnit Jm\u00e9no a p\u0159\u00edjmen\u00ed a nastavit zobrazovan\u00e9 jm\u00e9no.<\/p><p><strong>Prvn\u00ed blog<\/strong> &#8211; po p\u0159ihl\u00e1\u0161en\u00ed je mo\u017eno napsat prvn\u00ed blog, kter\u00fd podl\u00e9h\u00e1 sch\u00e1len\u00ed. Dal\u0161\u00ed blogy pak ji\u017e autor m\u016f\u017ee publikovat okam\u017eit\u011b.<\/p><p><strong>Form\u00e1tov\u00e1n\u00ed<\/strong> &#8211; k dispozici jsou oba editory, jako v\u00fdchoz\u00ed je nastaven &#8220;klasick\u00fd&#8221; editor, do blokov\u00e9ho (Gutenberg) lze p\u0159epnout. Pro odd\u011blen\u00ed \u00favodu \u010dl\u00e1nku (perex) a vlastn\u00edho obsahu je vhodn\u00e9 pou\u017e\u00edt znak pro pokra\u010dov\u00e1n\u00ed textu &#8211; v klasick\u00e9m editoru kl\u00e1vesov\u00e1 zkratka Shift+ Alt+T.<\/p><p><strong>Kategorie<\/strong> &#8211; ka\u017ed\u00fd \u010dl\u00e1nek mus\u00ed b\u00fdt za\u0159azen v kategorii, p\u0159i\u010dem\u017e v\u00fdchoz\u00ed kategorie je &#8220;<em>\u010cesko<\/em>&#8220;, tedy t\u00fdkaj\u00edc\u00ed se na\u0161eho \u010desk\u00e9ho t\u00e9matu. Pokud se p\u0159\u00edsp\u011bvek t\u00fdk\u00e1 jin\u00e9ho okruhu je vhodn\u00e9 zvolit p\u0159\u00edslu\u0161nou kategorii.<\/p><p><strong>Obr\u00e1zky &#8211; <\/strong>spr\u00e1vn\u00e9 zobrazen\u00ed na titulce je podm\u00edn\u011bno pou\u017eit\u00edm tzv. n\u00e1hledov\u00e9ho obr\u00e1zku. Syst\u00e9m je nastaven tak, \u017ee bez n\u011bj nelze p\u0159\u00edsp\u011bvek publikovat a sou\u010dasn\u011b mus\u00ed m\u00edt min. velikost <strong>400 x 300<\/strong> pixel\u016f. Maxim\u00e1ln\u00ed rozm\u011br by nem\u011bl b\u00fdt v\u011bt\u0161\u00ed ne\u017e<strong> 800&#215;600<\/strong> pixel\u016f (v\u011bt\u0161\u00ed obr\u00e1zek se v syst\u00e9mu nevyu\u017eije). Autor m\u00e1 v syst\u00e9mu k dispozici pouze obr\u00e1zky, kter\u00e9 s\u00e1m nahr\u00e1l &#8211; je tedy zodpov\u011bdn\u00fd za dodr\u017een\u00ed autorsk\u00fdch pr\u00e1v v t\u00e9to v\u011bci. Je mo\u017eno si taky vytvo\u0159it jeden obr\u00e1zek, kter\u00fd bude charakterizovat autora nebo jeho \u010dl\u00e1nky a ten pou\u017e\u00edvat opakovan\u011b. <strong><em>Doporu\u010den\u00ed<\/em><\/strong> &#8211; na internetu je k dispozici mnoho obr\u00e1zk\u016f s licenc\u00ed k voln\u00e9mu pou\u017eit\u00ed, mo\u017en\u00e1 nejv\u011bt\u0161\u00ed datab\u00e1ze pak je na <a rel=\"noreferrer noopener\" href=\"https:\/\/pixabay.com\" target=\"_blank\">pixabay.com<\/a>.<\/p><p><strong>Pr\u00e1vn\u00ed odpov\u011bdnost<\/strong> &#8211; za zve\u0159ej\u0148ovan\u00fd text zodpov\u00edd\u00e1 autor, provozovatel webu pak pouze umo\u017e\u0148uje zve\u0159ej\u0148ov\u00e1n\u00ed n\u00e1zor\u016f, kter\u00e9 nepodl\u00e9haj\u00ed z\u00e1konn\u00e9 restrikci (nap\u0159. nelze vyz\u00fdvat k vra\u017ed\u011b apod.).<\/p><p>14. ledna 2021<\/p>","protected":false},"excerpt":{"rendered":"<p>Tento web vznikl jako odpov\u011b\u010f na fakt, \u017ee na kdysi velmi popul\u00e1rn\u00ed blogovac\u00ed platform\u011b blog.idnes.cz ji\u017e nelze prezentovat jak\u00fdkoliv sv\u016fj<\/p>\n","protected":false},"author":1,"featured_media":0,"parent":0,"menu_order":0,"comment_status":"closed","ping_status":"closed","template":"","meta":{"_bbp_topic_count":0,"_bbp_reply_count":0,"_bbp_total_topic_count":0,"_bbp_total_reply_count":0,"_bbp_voice_count":0,"_bbp_anonymous_reply_count":0,"_bbp_topic_count_hidden":0,"_bbp_reply_count_hidden":0,"_bbp_forum_subforum_count":0,"cybocfi_hide_featured_image":"","_mc_calendar":[],"footnotes":"","_links_to":"","_links_to_target":""},"class_list":["post-16","page","type-page","status-publish","hentry"],"_links":{"self":[{"href":"https:\/\/www.svoboda-projevu.cz\/index.php?rest_route=\/wp\/v2\/pages\/16","targetHints":{"allow":["GET"]}}],"collection":[{"href":"https:\/\/www.svoboda-projevu.cz\/index.php?rest_route=\/wp\/v2\/pages"}],"about":[{"href":"https:\/\/www.svoboda-projevu.cz\/index.php?rest_route=\/wp\/v2\/types\/page"}],"author":[{"embeddable":true,"href":"https:\/\/www.svoboda-projevu.cz\/index.php?rest_route=\/wp\/v2\/users\/1"}],"replies":[{"embeddable":true,"href":"https:\/\/www.svoboda-projevu.cz\/index.php?rest_route=%2Fwp%2Fv2%2Fcomments&post=16"}],"version-history":[{"count":15,"href":"https:\/\/www.svoboda-projevu.cz\/index.php?rest_route=\/wp\/v2\/pages\/16\/revisions"}],"predecessor-version":[{"id":183,"href":"https:\/\/www.svoboda-projevu.cz\/index.php?rest_route=\/wp\/v2\/pages\/16\/revisions\/183"}],"wp:attachment":[{"href":"https:\/\/www.svoboda-projevu.cz\/index.php?rest_route=%2Fwp%2Fv2%2Fmedia&parent=16"}],"curies":[{"name":"wp","href":"https:\/\/api.w.org\/{rel}","templated":true}]}}